{"id":9619,"date":"2024-04-22T19:09:53","date_gmt":"2024-04-23T00:09:53","guid":{"rendered":"https:\/\/www.newtonyunguyo.edu.pe\/?page_id=9619"},"modified":"2024-04-22T19:13:36","modified_gmt":"2024-04-23T00:13:36","slug":"educacion-secundaria-educacion-fisica","status":"publish","type":"page","link":"https:\/\/www.newtonyunguyo.edu.pe\/index.php\/educacion-secundaria-educacion-fisica\/","title":{"rendered":"EDUCACION SECUNDARIA: EDUCACION FISICA"},"content":{"rendered":"<p>Las necesidades actuales del siglo XXI en cuanto a la Educaci\u00f3n F\u00edsica se ven influenciadas por los progresos en la sociedad, la ciencia y la tecnolog\u00eda a nivel mundial. En este contexto, la falta de actividad f\u00edsica se ha vuelto una preocupaci\u00f3n, y se reconoce la importancia de integrarla en la vida diaria, especialmente desde la infancia, dado que contribuye al desarrollo de habilidades motrices, sociales y cognitivas, y prepara para un estilo de vida saludable.<\/p>\n<p>El rol del docente de Educaci\u00f3n F\u00edsica formado en la etapa inicial de su carrera va m\u00e1s all\u00e1 de simplemente abordar la complejidad y diversidad de los estudiantes. Tambi\u00e9n debe comprender los cambios en la educaci\u00f3n y la incertidumbre que estos cambios conllevan. Asimismo, debe fomentar la autonom\u00eda a trav\u00e9s de la actividad f\u00edsica, facilitar la interacci\u00f3n mediante el desarrollo de habilidades sociomotrices y promover cambios en el comportamiento para promover un estilo de vida saludable. Estos aspectos responden a las demandas de la formaci\u00f3n en Educaci\u00f3n F\u00edsica, que se detallan a continuaci\u00f3n.<\/p>\n<ul>\n<li><em>Una Educaci\u00f3n F\u00edsica centrada en la salud y la calidad de vida individual y de toda la comunidad.<\/em><\/li>\n<li><em>El impulso a la expresi\u00f3n corporal como forma de transversalizar la comunicaci\u00f3n no verbal<\/em><\/li>\n<li><em>La ense\u00f1anza de la Educaci\u00f3n F\u00edsica en los niveles y modalidades de la Educaci\u00f3n B\u00e1sica, como un espacio que fomenta el desarrollo humano y social.<\/em><\/li>\n<li><em>La vinculaci\u00f3n de la Educaci\u00f3n F\u00edsica al desarrollo socioemocional y moral.<\/em><\/li>\n<li><em>Una Educaci\u00f3n F\u00edsica que atienda a la diversidad y sea inclusiva<\/em><\/li>\n<li><em>El impulso a la competencia digital docente para una formaci\u00f3n que mejora y se renueva constantemente<\/em><\/li>\n<\/ul>\n<p>Adem\u00e1s, desde el inicio de la carrera, nuestros estudiantes realizan pr\u00e1cticas profesionales en Instituciones Educativas Iniciales, Primarias y Secundarias de convenio, en el \u00e1mbito rural y urbano.<\/p>\n<p>Estas experiencias les proporcionan diversas oportunidades para comprender la realidad del entorno educativo y prepararse para su futura inserci\u00f3n laboral.<\/p>\n<p>Esta carrera profesional tiene su:<\/p>\n<ul>\n<li>Estructura organizativa<\/li>\n<li>Dise\u00f1o curricular b\u00e1sico.<\/li>\n<li>Plan de estudios<\/li>\n<li>Malla curricular<\/li>\n<li>Perfil de egreso<\/li>\n<\/ul>\n<p>Cuyos documentos se encuentran detalladamente expuestas por el ministerio de educaci\u00f3n.<\/p>\n","protected":false},"excerpt":{"rendered":"<p>Las necesidades actuales del siglo XXI en cuanto a la Educaci\u00f3n F\u00edsica se ven influenciadas por los progresos en la sociedad, la ciencia y la tecnolog\u00eda a nivel mundial. En este contexto, la falta de actividad f\u00edsica se ha vuelto una preocupaci\u00f3n,&#8230;<\/p>\n","protected":false},"author":1,"featured_media":0,"parent":0,"menu_order":0,"comment_status":"closed","ping_status":"closed","template":"","meta":{"footnotes":""},"class_list":["post-9619","page","type-page","status-publish","hentry"],"post_mailing_queue_ids":[],"_links":{"self":[{"href":"https:\/\/www.newtonyunguyo.edu.pe\/index.php\/wp-json\/wp\/v2\/pages\/9619","targetHints":{"allow":["GET"]}}],"collection":[{"href":"https:\/\/www.newtonyunguyo.edu.pe\/index.php\/wp-json\/wp\/v2\/pages"}],"about":[{"href":"https:\/\/www.newtonyunguyo.edu.pe\/index.php\/wp-json\/wp\/v2\/types\/page"}],"author":[{"embeddable":true,"href":"https:\/\/www.newtonyunguyo.edu.pe\/index.php\/wp-json\/wp\/v2\/users\/1"}],"replies":[{"embeddable":true,"href":"https:\/\/www.newtonyunguyo.edu.pe\/index.php\/wp-json\/wp\/v2\/comments?post=9619"}],"version-history":[{"count":1,"href":"https:\/\/www.newtonyunguyo.edu.pe\/index.php\/wp-json\/wp\/v2\/pages\/9619\/revisions"}],"predecessor-version":[{"id":9620,"href":"https:\/\/www.newtonyunguyo.edu.pe\/index.php\/wp-json\/wp\/v2\/pages\/9619\/revisions\/9620"}],"wp:attachment":[{"href":"https:\/\/www.newtonyunguyo.edu.pe\/index.php\/wp-json\/wp\/v2\/media?parent=9619"}],"curies":[{"name":"wp","href":"https:\/\/api.w.org\/{rel}","templated":true}]}}