{"id":9617,"date":"2024-04-22T19:08:53","date_gmt":"2024-04-23T00:08:53","guid":{"rendered":"https:\/\/www.newtonyunguyo.edu.pe\/?page_id=9617"},"modified":"2024-04-22T19:08:53","modified_gmt":"2024-04-23T00:08:53","slug":"educacion-primaria","status":"publish","type":"page","link":"https:\/\/www.newtonyunguyo.edu.pe\/index.php\/educacion-primaria\/","title":{"rendered":"EDUCACION PRIMARIA"},"content":{"rendered":"<p>El Programa de Estudios de Educaci\u00f3n Primaria, tiene por objetivo la formaci\u00f3n del maestro de Educaci\u00f3n Primaria, \u00a0facilitando el aprendizaje de los estudiantes de 6 a 12 a\u00f1os, utilizando enfoques educativos contempor\u00e1neos que promuevan la equidad, inclusi\u00f3n e interculturalidad desde una perspectiva humanista.<\/p>\n<p>El curr\u00edculo de la Educaci\u00f3n Primaria se centra en el desarrollo de diversas habilidades, tales como las l\u00f3gico-matem\u00e1ticas, comunicativas, art\u00edsticas, psicomotrices, cient\u00edficas, tecnol\u00f3gicas y sociales, con el prop\u00f3sito de preparar a los ni\u00f1os y ni\u00f1as para adaptarse a las demandas de su entorno.<\/p>\n<p>El futuro docente del programa se capacita para dise\u00f1ar, implementar y evaluar planes y proyectos educativos que aborden las necesidades e intereses individuales de los estudiantes, con el objetivo de fomentar la autonom\u00eda, la convivencia, el respeto y la identidad en ellos. Adem\u00e1s, se llevan a cabo visitas de estudio, proyectos de investigaci\u00f3n y actividades de servicio comunitario para promover el desarrollo integral del futuro docente y responder de manera efectiva a las exigencias del entorno sociocultural, demostrando liderazgo pedag\u00f3gico y compromiso \u00e9tico.<\/p>\n<p><strong>\u00a0<\/strong><\/p>\n<p>Adem\u00e1s, desde el inicio de la carrera, nuestros estudiantes realizan pr\u00e1cticas profesionales en Instituciones Educativas Primarias de convenio, en el \u00e1mbito rural y urbano.<\/p>\n<p>Estas experiencias les proporcionan diversas oportunidades para comprender la realidad del entorno educativo y prepararse para su futura inserci\u00f3n laboral.<\/p>\n<p>Esta carrera profesional tiene su:<\/p>\n<ul>\n<li>Estructura organizativa<\/li>\n<li>Dise\u00f1o curricular b\u00e1sico.<\/li>\n<li>Plan de estudios<\/li>\n<li>Malla curricular<\/li>\n<li>Perfil de egreso<\/li>\n<\/ul>\n<p>Cuyos documentos se encuentran detalladamente expuestas por el ministerio de educaci\u00f3n.<\/p>\n","protected":false},"excerpt":{"rendered":"<p>El Programa de Estudios de Educaci\u00f3n Primaria, tiene por objetivo la formaci\u00f3n del maestro de Educaci\u00f3n Primaria, \u00a0facilitando el aprendizaje de los estudiantes de 6 a 12 a\u00f1os, utilizando enfoques educativos contempor\u00e1neos que promuevan la equidad, inclusi\u00f3n e interculturalidad desde una perspectiva&#8230;<\/p>\n","protected":false},"author":1,"featured_media":0,"parent":0,"menu_order":0,"comment_status":"closed","ping_status":"closed","template":"","meta":{"footnotes":""},"class_list":["post-9617","page","type-page","status-publish","hentry"],"post_mailing_queue_ids":[],"_links":{"self":[{"href":"https:\/\/www.newtonyunguyo.edu.pe\/index.php\/wp-json\/wp\/v2\/pages\/9617","targetHints":{"allow":["GET"]}}],"collection":[{"href":"https:\/\/www.newtonyunguyo.edu.pe\/index.php\/wp-json\/wp\/v2\/pages"}],"about":[{"href":"https:\/\/www.newtonyunguyo.edu.pe\/index.php\/wp-json\/wp\/v2\/types\/page"}],"author":[{"embeddable":true,"href":"https:\/\/www.newtonyunguyo.edu.pe\/index.php\/wp-json\/wp\/v2\/users\/1"}],"replies":[{"embeddable":true,"href":"https:\/\/www.newtonyunguyo.edu.pe\/index.php\/wp-json\/wp\/v2\/comments?post=9617"}],"version-history":[{"count":1,"href":"https:\/\/www.newtonyunguyo.edu.pe\/index.php\/wp-json\/wp\/v2\/pages\/9617\/revisions"}],"predecessor-version":[{"id":9618,"href":"https:\/\/www.newtonyunguyo.edu.pe\/index.php\/wp-json\/wp\/v2\/pages\/9617\/revisions\/9618"}],"wp:attachment":[{"href":"https:\/\/www.newtonyunguyo.edu.pe\/index.php\/wp-json\/wp\/v2\/media?parent=9617"}],"curies":[{"name":"wp","href":"https:\/\/api.w.org\/{rel}","templated":true}]}}