{"id":9615,"date":"2024-04-22T19:07:15","date_gmt":"2024-04-23T00:07:15","guid":{"rendered":"https:\/\/www.newtonyunguyo.edu.pe\/?page_id=9615"},"modified":"2024-04-22T19:07:15","modified_gmt":"2024-04-23T00:07:15","slug":"educacion-inicial","status":"publish","type":"page","link":"https:\/\/www.newtonyunguyo.edu.pe\/index.php\/educacion-inicial\/","title":{"rendered":"EDUCACION INICIAL"},"content":{"rendered":"<p><strong>El Programa de Estudios de Educaci\u00f3n Inicial<\/strong>\u00a0tiene como misi\u00f3n formar profesionales expertos en el desarrollo integral de la Primera Infancia que reviertan en la formaci\u00f3n de ciudadanos libres y felices para una sociedad m\u00e1s humana<\/p>\n<p>Nuestro objetivo en el Programa de Estudios de Educaci\u00f3n Inicial es capacitar a profesionales altamente calificados en el desarrollo integral de la Primera Infancia, con el prop\u00f3sito de contribuir a la formaci\u00f3n de ciudadanos libres y felices en una sociedad m\u00e1s humanizada.<\/p>\n<p>Nos enfocamos en equipar a nuestros estudiantes con competencias profesionales y especializadas para ofrecer una atenci\u00f3n \u00f3ptima a ni\u00f1os y ni\u00f1as de 0 a 6 a\u00f1os. Esto implica el dominio de diversas teor\u00edas multidisciplinarias y el empleo de estrategias educativas apropiadas. Por ende, preparamos a los futuros docentes de Educaci\u00f3n Inicial para fomentar en los ni\u00f1os habilidades l\u00f3gico-matem\u00e1ticas, comunicativas, art\u00edsticas, psicomotrices, cient\u00edficas, tecnol\u00f3gicas y de desarrollo personal social, con el objetivo de abordar integralmente su formaci\u00f3n.<\/p>\n<p>Adem\u00e1s, desde el inicio de la carrera, nuestros estudiantes realizan pr\u00e1cticas profesionales en cunas, jardines infantiles y programas alternativos, \u00a0del \u00e1mbito rural y urbano, as\u00ed como en nuestra IEI Inicial \u201cIsaac Newton\u201d.<\/p>\n<p>Estas experiencias les proporcionan diversas oportunidades para comprender la realidad del entorno educativo y prepararse para su futura inserci\u00f3n laboral.<\/p>\n<p>Esta carrera profesional tiene su:<\/p>\n<ul>\n<li>Estructura organizativa<\/li>\n<li>Dise\u00f1o curricular b\u00e1sico<\/li>\n<li>Plan de estudios<\/li>\n<li>Malla curricular<\/li>\n<li>Perfil de egreso<\/li>\n<\/ul>\n<p>Cuyos documentos se encuentran detalladamente expuestas por el ministerio de educaci\u00f3n.<\/p>\n","protected":false},"excerpt":{"rendered":"<p>El Programa de Estudios de Educaci\u00f3n Inicial\u00a0tiene como misi\u00f3n formar profesionales expertos en el desarrollo integral de la Primera Infancia que reviertan en la formaci\u00f3n de ciudadanos libres y felices para una sociedad m\u00e1s humana Nuestro objetivo en el Programa de Estudios&#8230;<\/p>\n","protected":false},"author":1,"featured_media":0,"parent":0,"menu_order":0,"comment_status":"closed","ping_status":"closed","template":"","meta":{"footnotes":""},"class_list":["post-9615","page","type-page","status-publish","hentry"],"post_mailing_queue_ids":[],"_links":{"self":[{"href":"https:\/\/www.newtonyunguyo.edu.pe\/index.php\/wp-json\/wp\/v2\/pages\/9615","targetHints":{"allow":["GET"]}}],"collection":[{"href":"https:\/\/www.newtonyunguyo.edu.pe\/index.php\/wp-json\/wp\/v2\/pages"}],"about":[{"href":"https:\/\/www.newtonyunguyo.edu.pe\/index.php\/wp-json\/wp\/v2\/types\/page"}],"author":[{"embeddable":true,"href":"https:\/\/www.newtonyunguyo.edu.pe\/index.php\/wp-json\/wp\/v2\/users\/1"}],"replies":[{"embeddable":true,"href":"https:\/\/www.newtonyunguyo.edu.pe\/index.php\/wp-json\/wp\/v2\/comments?post=9615"}],"version-history":[{"count":1,"href":"https:\/\/www.newtonyunguyo.edu.pe\/index.php\/wp-json\/wp\/v2\/pages\/9615\/revisions"}],"predecessor-version":[{"id":9616,"href":"https:\/\/www.newtonyunguyo.edu.pe\/index.php\/wp-json\/wp\/v2\/pages\/9615\/revisions\/9616"}],"wp:attachment":[{"href":"https:\/\/www.newtonyunguyo.edu.pe\/index.php\/wp-json\/wp\/v2\/media?parent=9615"}],"curies":[{"name":"wp","href":"https:\/\/api.w.org\/{rel}","templated":true}]}}