{"id":9613,"date":"2024-04-22T19:03:24","date_gmt":"2024-04-23T00:03:24","guid":{"rendered":"https:\/\/www.newtonyunguyo.edu.pe\/?page_id=9613"},"modified":"2026-01-19T11:55:23","modified_gmt":"2026-01-19T16:55:23","slug":"area-de-calidad","status":"publish","type":"page","link":"https:\/\/www.newtonyunguyo.edu.pe\/index.php\/area-de-calidad\/","title":{"rendered":"AREA DE CALIDAD"},"content":{"rendered":"<p>Responsable del aseguramiento de la calidad del servicio acad\u00e9mico y administrativo institucional. Depende de la Direcci\u00f3n General.<\/p>\n<p><strong>FUNCIONES DEL AREA DE CALIDAD<\/strong><\/p>\n<ol>\n<li>Dise\u00f1ar y proponer pol\u00edticas y estrategias eficaces conducentes al aseguramiento de la calidad del servicio educativo institucional.<\/li>\n<li>Organizar y monitorear el servicio de calidad en las \u00e1reas pedag\u00f3gicas y en las unidades administrativas de la Educaci\u00f3n Superior Pedag\u00f3gica Isaac Newton.<\/li>\n<li>Proponer, monitorear y controlar los indicadores de gesti\u00f3n del modelo de calidad.<\/li>\n<li>Supervisar el cumplimiento de los planes de mejora de las diversas unidades acad\u00e9micas y unidades administrativas, para la acreditaci\u00f3n o reacreditaci\u00f3n, en coordinaci\u00f3n con la Direcci\u00f3n General.<\/li>\n<li>Asegurar la alineaci\u00f3n de la pol\u00edtica p\u00fablica y objetivos de la calidad del servicio educativo con la visi\u00f3n y misi\u00f3n institucionales, las necesidades y demandas educativas de los \u00e1mbitos local, regional, nacional e internacional, en el contexto de la formaci\u00f3n docente.<\/li>\n<li>Formular el Plan de Gesti\u00f3n Integral de la Calidad de la Instituci\u00f3n.<\/li>\n<li>Gestionar, monitorear y sistematizar el proceso de acreditaci\u00f3n dando a conocer a la comunidad educativa de Educaci\u00f3n Superior Pedag\u00f3gica Isaac Newton.<\/li>\n<li>SINEACE y p\u00fablico en general, los resultados para la toma de decisiones oportunas.<\/li>\n<li>Impulsar acciones que orienten el fortalecimiento y desarrollo de la autoevaluaci\u00f3n, implementaci\u00f3n de planes de mejora y acreditaci\u00f3n institucional y acad\u00e9mica.<\/li>\n<li>Difundir los resultados de calidad y\/o niveles de mejora continua que van alcanzando las diversas dependencias de la Instituci\u00f3n.<\/li>\n<li>Implementar modelos y herramientas, orientados a la eficiencia y eficacia de la gesti\u00f3n y la calidad del servicio que brinda la Instituci\u00f3n.<\/li>\n<li>Organizar e implementar los procesos de licenciamiento de la Escuela de Educaci\u00f3n Superior Pedag\u00f3gica Isaac newton conforme con la Ley N\u00b0 30512, asegurando las Condiciones B\u00e1sicas de Calidad (CBC) generadas en el quehacer de sus integrantes: docentes, estudiantes, administrativos y egresados.<\/li>\n<li>Brindar alcances a la Direcci\u00f3n General y otros \u00f3rganos de la Escuela de Educaci\u00f3n Superior Pedag\u00f3gica Isaac Newton, respecto a los lineamientos vigentes nacionales sobre los procesos de evaluaci\u00f3n y acreditaci\u00f3n de la calidad educativa, en el \u00e1mbito de la formaci\u00f3n docente.<\/li>\n<li>Participar y acompa\u00f1ar los procesos de autoevaluaci\u00f3n de la Escuela de Educaci\u00f3n Superior Pedag\u00f3gica Isaac Newton.<\/li>\n<li>Emitir opini\u00f3n y asesorar en el campo de su competencia.<\/li>\n<li>Otras funciones de acuerdo a la normativa o que disponga la Direcci\u00f3n General de acuerdo a su competencia<\/li>\n<\/ol>\n","protected":false},"excerpt":{"rendered":"<p>Responsable del aseguramiento de la calidad del servicio acad\u00e9mico y administrativo institucional. Depende de la Direcci\u00f3n General. FUNCIONES DEL AREA DE CALIDAD Dise\u00f1ar y proponer pol\u00edticas y estrategias eficaces conducentes al aseguramiento de la calidad del servicio educativo institucional. Organizar y monitorear&#8230;<\/p>\n","protected":false},"author":1,"featured_media":0,"parent":0,"menu_order":0,"comment_status":"closed","ping_status":"closed","template":"","meta":{"footnotes":""},"class_list":["post-9613","page","type-page","status-publish","hentry"],"post_mailing_queue_ids":[],"_links":{"self":[{"href":"https:\/\/www.newtonyunguyo.edu.pe\/index.php\/wp-json\/wp\/v2\/pages\/9613","targetHints":{"allow":["GET"]}}],"collection":[{"href":"https:\/\/www.newtonyunguyo.edu.pe\/index.php\/wp-json\/wp\/v2\/pages"}],"about":[{"href":"https:\/\/www.newtonyunguyo.edu.pe\/index.php\/wp-json\/wp\/v2\/types\/page"}],"author":[{"embeddable":true,"href":"https:\/\/www.newtonyunguyo.edu.pe\/index.php\/wp-json\/wp\/v2\/users\/1"}],"replies":[{"embeddable":true,"href":"https:\/\/www.newtonyunguyo.edu.pe\/index.php\/wp-json\/wp\/v2\/comments?post=9613"}],"version-history":[{"count":2,"href":"https:\/\/www.newtonyunguyo.edu.pe\/index.php\/wp-json\/wp\/v2\/pages\/9613\/revisions"}],"predecessor-version":[{"id":9809,"href":"https:\/\/www.newtonyunguyo.edu.pe\/index.php\/wp-json\/wp\/v2\/pages\/9613\/revisions\/9809"}],"wp:attachment":[{"href":"https:\/\/www.newtonyunguyo.edu.pe\/index.php\/wp-json\/wp\/v2\/media?parent=9613"}],"curies":[{"name":"wp","href":"https:\/\/api.w.org\/{rel}","templated":true}]}}