{"id":9611,"date":"2024-04-22T19:01:34","date_gmt":"2024-04-23T00:01:34","guid":{"rendered":"https:\/\/www.newtonyunguyo.edu.pe\/?page_id=9611"},"modified":"2026-01-19T11:54:15","modified_gmt":"2026-01-19T16:54:15","slug":"area-de-administracion","status":"publish","type":"page","link":"https:\/\/www.newtonyunguyo.edu.pe\/index.php\/area-de-administracion\/","title":{"rendered":"AREA DE ADMINISTRACION"},"content":{"rendered":"<p>Responsable de gestionar y administrar los recursos necesarios para la \u00f3ptima gesti\u00f3n institucional. Depende de la Direcci\u00f3n General.<\/p>\n<p><strong>FUNCIONES DEL AREA DE ADMINISTRACION:<\/strong><\/p>\n<ol>\n<li>Administrar los recursos f\u00edsicos destinados a las actividades acad\u00e9micas y administrativas, asegurando su conservaci\u00f3n y mantenimiento, al servicio de la formaci\u00f3n y la investigaci\u00f3n.<\/li>\n<li>Administrar la selecci\u00f3n, inducci\u00f3n y desarrollo del personal docente y administrativo.<\/li>\n<li>Ejecutar el presupuesto asignado con eficiencia y transparencia.<\/li>\n<li>Gestionar los recursos tecnol\u00f3gicos de uso acad\u00e9mico y administrativo.<\/li>\n<li>Gestionar y proveer los recursos necesarios para la \u00f3ptima gesti\u00f3n institucional y proporcionar el apoyo log\u00edstico a las actividades acad\u00e9micas y administrativas de la escuela.<\/li>\n<li>Proveer recursos materiales y financieros necesarios para realizar el monitoreo de la practica<\/li>\n<li>Administrar bienes y recursos institucionales en la jefatura de formaci\u00f3n en servicio, tesorer\u00eda, abastecimiento, almac\u00e9n, laboratorios, biblioteca, servicio de mantenimiento, personal de servicio, computo, impresiones, patrimonio y dem\u00e1s \u00e1reas que se encargue.<\/li>\n<li>Evaluar el desarrollo del sistema velando por el estricto cumplimiento de la normatividad<\/li>\n<li>Elaborar en coordinaci\u00f3n con los diferentes estamentos la formulaci\u00f3n del presupuesto Institucional Anual, elaborando la propuesta de asignaci\u00f3n de los recursos financieros<\/li>\n<li>Controlar y registrar la asistencia, puntualidad y permanencia del personal directivo, jer\u00e1rquicos, docente y Administrativo en forma diaria para la eficiencia en el servicio<\/li>\n<li>Elaborar y mantener actualizado el kardex de bienes y el inventario f\u00edsico, debidamente sistematizado y valorado<\/li>\n<li>Establecer racionalmente los horarios de trabajo de personal administrativo, de acuerdo a las necesidades de la instituci\u00f3n previo visto bueno de direcci\u00f3n<\/li>\n<li>Organizar, coordinar, y controlar la recaudaci\u00f3n de los ingresos propios por los diferentes conceptos y montos aprobados.<\/li>\n<li>Organizar el trabajo del personal administrativo, para un eficiente servicio.<\/li>\n<li>Responsabilizar, bajo inventario y cargo, el material deportivo de la instituci\u00f3n, al responsable de la jefatura de Educaci\u00f3n f\u00edsica.<\/li>\n<li>Elaborar, ejecutar y evaluar el presupuesto de la instituci\u00f3n, identificando las necesidades y prioridades de atenci\u00f3n en coordinaci\u00f3n con la direcci\u00f3n, velando por la correcta administraci\u00f3n de los recursos.<\/li>\n<li>Evaluar el desempe\u00f1o laboral del personal administrativo y de servicio<\/li>\n<li>Mantener en reserva, bajo responsabilidad, toda informaci\u00f3n del \u00c1rea<\/li>\n<li>Ejecutar oportuna y eficientemente de los recursos econ\u00f3micos para la mejora de actividades institucionales. priorizando el aspecto acad\u00e9mico.<\/li>\n<li>Implementar un programa de mantenimiento, renovaci\u00f3n y seguridad de la infraestructura y equipamiento, enfocado a optimizar los procesos de ense\u00f1anza aprendizaje de la EESPP Isaac Newton<\/li>\n<li>Implementar servicios en los centros de referencias y laboratorios. para optimizar los procesos de ense\u00f1anza aprendizaje del EESP Isaac Newton<\/li>\n<li>Administrar y supervisar la ejecuci\u00f3n de programas y\/o proyectos en el marco de convenios o instructivos a cargo de la instituci\u00f3n.<\/li>\n<li>Elaborar y presentar a la Direcci\u00f3n General los estados financieros y el informe anual de la gesti\u00f3n administrativa.<\/li>\n<li>Expedir Resoluciones Administrativas de su competencia en el marco normativo vigente.<\/li>\n<li>Supervisar y Coordinar la Organizaci\u00f3n y funcionamiento del Sistema Institucional de Archivos de la Escuela de Educaci\u00f3n Superior Pedag\u00f3gica Isaac Newton.<\/li>\n<li>Administrar y asesorar a las diferentes dependencias de la Escuela en las actividades relacionadas con la gesti\u00f3n documental, dentro de la normatividad establecida.<\/li>\n<li>Desarrollar capacidades profesionales del personal administrativo y evaluaci\u00f3n del desempe\u00f1o.<\/li>\n<li>Actualizar la base de datos y soporte t\u00e9cnico, para la mejora de los servicios educativos en la instituci\u00f3n<\/li>\n<li>Implementar el \u00e1rea de atenci\u00f3n al usuario en procesos administrativos y gesti\u00f3n del tr\u00e1mite documentario.<\/li>\n<li>Implementar y administrar el portal web de transparencia institucional con informaci\u00f3n pertinente de la instituci\u00f3n.<\/li>\n<\/ol>\n","protected":false},"excerpt":{"rendered":"<p>Responsable de gestionar y administrar los recursos necesarios para la \u00f3ptima gesti\u00f3n institucional. Depende de la Direcci\u00f3n General. FUNCIONES DEL AREA DE ADMINISTRACION: Administrar los recursos f\u00edsicos destinados a las actividades acad\u00e9micas y administrativas, asegurando su conservaci\u00f3n y mantenimiento, al servicio de&#8230;<\/p>\n","protected":false},"author":1,"featured_media":0,"parent":0,"menu_order":0,"comment_status":"closed","ping_status":"closed","template":"","meta":{"footnotes":""},"class_list":["post-9611","page","type-page","status-publish","hentry"],"post_mailing_queue_ids":[],"_links":{"self":[{"href":"https:\/\/www.newtonyunguyo.edu.pe\/index.php\/wp-json\/wp\/v2\/pages\/9611","targetHints":{"allow":["GET"]}}],"collection":[{"href":"https:\/\/www.newtonyunguyo.edu.pe\/index.php\/wp-json\/wp\/v2\/pages"}],"about":[{"href":"https:\/\/www.newtonyunguyo.edu.pe\/index.php\/wp-json\/wp\/v2\/types\/page"}],"author":[{"embeddable":true,"href":"https:\/\/www.newtonyunguyo.edu.pe\/index.php\/wp-json\/wp\/v2\/users\/1"}],"replies":[{"embeddable":true,"href":"https:\/\/www.newtonyunguyo.edu.pe\/index.php\/wp-json\/wp\/v2\/comments?post=9611"}],"version-history":[{"count":3,"href":"https:\/\/www.newtonyunguyo.edu.pe\/index.php\/wp-json\/wp\/v2\/pages\/9611\/revisions"}],"predecessor-version":[{"id":9808,"href":"https:\/\/www.newtonyunguyo.edu.pe\/index.php\/wp-json\/wp\/v2\/pages\/9611\/revisions\/9808"}],"wp:attachment":[{"href":"https:\/\/www.newtonyunguyo.edu.pe\/index.php\/wp-json\/wp\/v2\/media?parent=9611"}],"curies":[{"name":"wp","href":"https:\/\/api.w.org\/{rel}","templated":true}]}}