{"id":9609,"date":"2024-04-22T19:00:08","date_gmt":"2024-04-23T00:00:08","guid":{"rendered":"https:\/\/www.newtonyunguyo.edu.pe\/?page_id=9609"},"modified":"2026-01-19T11:43:59","modified_gmt":"2026-01-19T16:43:59","slug":"unidad-de-bienestar-y-empleabilidad","status":"publish","type":"page","link":"https:\/\/www.newtonyunguyo.edu.pe\/index.php\/unidad-de-bienestar-y-empleabilidad\/","title":{"rendered":"UNIDAD DE BIENESTAR Y EMPLEABILIDAD"},"content":{"rendered":"<p>Responsable de la orientaci\u00f3n profesional, tutor\u00eda, consejer\u00eda, bolsa de trabajo, bolsa de pr\u00e1ctica preprofesional y profesional, emprendimiento u otros que coadyuven al tr\u00e1nsito de los estudiantes de la Educaci\u00f3n Superior al empleo. Adem\u00e1s, debe conformar un comit\u00e9 de defensa del estudiante encargado de velar por su bienestar, para la prevenci\u00f3n y atenci\u00f3n en casos de acoso, discriminaci\u00f3n, entre otros. Depende de la Direcci\u00f3n General.<\/p>\n<p><strong>FUNCIONES DE LA UNIDAD DE LA UNIDAD DE BIENESTAR Y EMPLEABILIDAD:<\/strong><\/p>\n<ol>\n<li>Planificar las actividades que se orientan al desarrollo f\u00edsico, psico afectivo, social y cultural de la comunidad acad\u00e9mica institucional.<\/li>\n<li>Supervisar las actividades que se orientan al desarrollo f\u00edsico, psico afectivo, social y cultural de la comunidad acad\u00e9mica institucional.<\/li>\n<li>Evaluar las actividades que se orientan al desarrollo f\u00edsico, psico afectivo, social y cultural de la comunidad acad\u00e9mica institucional.<\/li>\n<li>Coordinar el Comit\u00e9 de Defensa del Estudiante, encargado de velar por el bienestar de los estudiantes para la prevenci\u00f3n y atenci\u00f3n en casos de acoso, discriminaci\u00f3n, entre otros.<\/li>\n<li>Desarrollar las actividades de orientaci\u00f3n profesional, tutor\u00eda, consejer\u00eda, bolsa de trabajo, bolsa de pr\u00e1ctica pre profesional y profesional.<\/li>\n<li>Implementar un sistema de seguimiento a egresados que permita mantener actualizada la evoluci\u00f3n profesional y personal de los egresados y la relaci\u00f3n que mantiene con la instituci\u00f3n, as\u00ed como validar el perfil de egreso.<\/li>\n<li>Conformar un comit\u00e9 de defensa del estudiante encargado de velar por el bienestar de los estudiantes para la prevenci\u00f3n y atenci\u00f3n en casos de acoso, discriminaci\u00f3n, entre otros.<\/li>\n<li>Proponer pol\u00edticas de bienestar y salud integral de los estudiantes de<\/li>\n<li>Dise\u00f1ar, ejecutar y evaluar programas psicopedag\u00f3gicos y de salud integral, prevenci\u00f3n, nutrici\u00f3n, oportunidades laborales y otros.<\/li>\n<li>Desarrollar programas de tutor\u00edas y asesoramiento personal y acad\u00e9mico a los estudiantes, durante su proceso formativo. Participar en el proceso de admisi\u00f3n en la evaluaci\u00f3n psicopedag\u00f3gica de los postulantes.<\/li>\n<li>Administrar el T\u00f3pico M\u00e9dico, brindando atenci\u00f3n primaria de salud eficiente y oportuna al alumno, docente y personal administrativo en general, contribuyendo al bienestar f\u00edsico, mental y social de nuestra comunidad educativa.<\/li>\n<li>Gestionar convenios con organismos nacionales e internacionales para el apoyo y obtenci\u00f3n de recursos en los programas que establece la Unidad.<\/li>\n<li>Sistematizar y difundir informaci\u00f3n referida a la realidad de los estudiantes.<\/li>\n<li>Promover actividades deportivas y de promoci\u00f3n cultural que estimulen el desempe\u00f1o y desenvolvimiento personal y acad\u00e9mico, contribuyendo al desarrollo de una formaci\u00f3n acad\u00e9mica y personal saludable.<\/li>\n<li>Planificar, ejecutar y evaluar programas que contribuyan al desarrollo personal y acad\u00e9mico del estudiante<\/li>\n<li>Propiciar condiciones necesarias que favorezcan el desarrollo de la creatividad, identidad y participaci\u00f3n de la comunidad newtoniana que contribuyan al logro de los objetivos institucionales<\/li>\n<li>Elaborar informe de evaluaci\u00f3n de actividades<\/li>\n<li>Dar servicio de bienestar oportuno y personalizado a los estudiantes<\/li>\n<li>Evaluar las actividades que se orientan al desarrollo f\u00edsico, psicoafectivo, social y cultural de la comunidad acad\u00e9mica institucional<\/li>\n<li>Evaluar las actividades c\u00edvicas, religiosas, culturales y patri\u00f3ticas en lo que se refiere a la participaci\u00f3n estudiantil dentro y fuera de la instituci\u00f3n<\/li>\n<li>Promover y realizar acciones estrat\u00e9gicas de mejoramiento y optimizaci\u00f3n de las relaciones humanas y clima institucional<\/li>\n<li>Desarrollar acciones de coordinaci\u00f3n conducentes a la conservaci\u00f3n y mejoramiento de la salud de los estudiantes<\/li>\n<li>Colaborar en la prevenci\u00f3n y detecci\u00f3n de problemas o dificultades acad\u00e9micas de formaci\u00f3n y desarrollo personal que presentes los estudiantes y derivarlos a las instancias profesionales correspondiente.<\/li>\n<li>Implementar programas psicopedag\u00f3gicos, de salud integral, prevenci\u00f3n y nutrici\u00f3n para desarrollar una cultura sostenible en el estudiante.<\/li>\n<li>Prestar apoyo de atenci\u00f3n social integral al personal de la instituci\u00f3n<\/li>\n<li>Establecer contacto permanente con los egresados.<\/li>\n<li>Elaborar reporte de situaci\u00f3n de egresados en el mercado laboral profesional<\/li>\n<\/ol>\n<p>&nbsp;<\/p>\n<ol>\n<li>Mantener comunicaci\u00f3n con los docentes para trabajar problemas espec\u00edficos de los estudiantes, utilizando las instrumentos y estrategias apropiadas para cada caso<\/li>\n<li>Desarrollar las actividades de orientaci\u00f3n profesional, tutor\u00eda, consejer\u00eda, bolsa de trabajo, bolsa de pr\u00e1ctica pre profesional y profesional<\/li>\n<li>Organizar un archivo de control de casos atendidos<\/li>\n<li>Mantener actualizada la plataforma de bolsa de trabajo.<\/li>\n<li>Elaborar un programa de seguimiento ocupacional y de necesidades de egresados.<\/li>\n<li>Programar actividades acad\u00e9micas y culturales para egresados<\/li>\n<\/ol>\n","protected":false},"excerpt":{"rendered":"<p>Responsable de la orientaci\u00f3n profesional, tutor\u00eda, consejer\u00eda, bolsa de trabajo, bolsa de pr\u00e1ctica preprofesional y profesional, emprendimiento u otros que coadyuven al tr\u00e1nsito de los estudiantes de la Educaci\u00f3n Superior al empleo. Adem\u00e1s, debe conformar un comit\u00e9 de defensa del estudiante encargado&#8230;<\/p>\n","protected":false},"author":1,"featured_media":0,"parent":0,"menu_order":0,"comment_status":"closed","ping_status":"closed","template":"","meta":{"footnotes":""},"class_list":["post-9609","page","type-page","status-publish","hentry"],"post_mailing_queue_ids":[],"_links":{"self":[{"href":"https:\/\/www.newtonyunguyo.edu.pe\/index.php\/wp-json\/wp\/v2\/pages\/9609","targetHints":{"allow":["GET"]}}],"collection":[{"href":"https:\/\/www.newtonyunguyo.edu.pe\/index.php\/wp-json\/wp\/v2\/pages"}],"about":[{"href":"https:\/\/www.newtonyunguyo.edu.pe\/index.php\/wp-json\/wp\/v2\/types\/page"}],"author":[{"embeddable":true,"href":"https:\/\/www.newtonyunguyo.edu.pe\/index.php\/wp-json\/wp\/v2\/users\/1"}],"replies":[{"embeddable":true,"href":"https:\/\/www.newtonyunguyo.edu.pe\/index.php\/wp-json\/wp\/v2\/comments?post=9609"}],"version-history":[{"count":3,"href":"https:\/\/www.newtonyunguyo.edu.pe\/index.php\/wp-json\/wp\/v2\/pages\/9609\/revisions"}],"predecessor-version":[{"id":9804,"href":"https:\/\/www.newtonyunguyo.edu.pe\/index.php\/wp-json\/wp\/v2\/pages\/9609\/revisions\/9804"}],"wp:attachment":[{"href":"https:\/\/www.newtonyunguyo.edu.pe\/index.php\/wp-json\/wp\/v2\/media?parent=9609"}],"curies":[{"name":"wp","href":"https:\/\/api.w.org\/{rel}","templated":true}]}}