{"id":9600,"date":"2024-04-22T18:52:10","date_gmt":"2024-04-22T23:52:10","guid":{"rendered":"https:\/\/www.newtonyunguyo.edu.pe\/?page_id=9600"},"modified":"2026-01-19T12:11:42","modified_gmt":"2026-01-19T17:11:42","slug":"mensaje-de-autoridades","status":"publish","type":"page","link":"https:\/\/www.newtonyunguyo.edu.pe\/index.php\/mensaje-de-autoridades\/","title":{"rendered":"Mensaje de autoridades"},"content":{"rendered":"<p style=\"margin: 7.5pt 0cm 11.25pt 0cm;\"><strong><span lang=\"ES-PE\">FORTALECIENDO NUESTRO COMPROMISO CON LA EXCELENCIA EDUCATIVA<\/span><\/strong><\/p>\n<p style=\"margin: 7.5pt 0cm 11.25pt 0cm;\"><span lang=\"ES-PE\">Estimada comunidad educativa Newtoniana,<\/span><\/p>\n<p style=\"margin: 7.5pt 0cm 11.25pt 0cm;\"><span lang=\"ES-PE\">Es para m\u00ed un honor dirigirme a ustedes en este momento crucial en el que reafirmamos nuestro compromiso con la excelencia educativa en la Educaci\u00f3n Superior Pedag\u00f3gico \u00abIsaac Newton\u00bb de Yunguyo Puno.<\/span><\/p>\n<p style=\"margin: 7.5pt 0cm 11.25pt 0cm;\"><span lang=\"ES-PE\">Como directora de esta prestigiosa instituci\u00f3n, es mi deber y mi privilegio trabajar junto a cada uno de ustedes, docentes, estudiantes, personal administrativo y padres de familia, para cultivar un entorno de aprendizaje din\u00e1mico, inclusivo y de calidad.<\/span><\/p>\n<p style=\"margin: 7.5pt 0cm 11.25pt 0cm;\"><span lang=\"ES-PE\">Nuestra misi\u00f3n es clara: formar a los futuros l\u00edderes y educadores con perfil de egreso y vocaci\u00f3n de Maestro, para nuestra sociedad, proporcion\u00e1ndoles las herramientas necesarias para que puedan enfrentar los desaf\u00edos del mundo contempor\u00e1neo con confianza, \u00e9tica y empat\u00eda.<\/span><\/p>\n<p style=\"margin: 7.5pt 0cm 11.25pt 0cm;\"><span lang=\"ES-PE\">En este nuevo ciclo acad\u00e9mico, nos comprometemos a fortalecer nuestros programas educativos, fomentar la investigaci\u00f3n y la innovaci\u00f3n pedag\u00f3gica, y promover una cultura institucional basada en el respeto mutuo, la colaboraci\u00f3n y la responsabilidad compartida, contextualizada y articulada con nuestros usos y costumbres de la gran naci\u00f3n aimara.<\/span><\/p>\n<p style=\"margin: 7.5pt 0cm 11.25pt 0cm;\"><span lang=\"ES-PE\">Quiero animar a cada miembro de nuestra comunidad a participar activamente en la vida acad\u00e9mica y extracurricular de la escuela, aprovechando al m\u00e1ximo las oportunidades de crecimiento personal y profesional que se nos presentan.<\/span><\/p>\n<p style=\"margin: 7.5pt 0cm 11.25pt 0cm;\"><span lang=\"ES-PE\">Agradezco sinceramente su dedicaci\u00f3n y compromiso continuo con la misi\u00f3n y los valores de nuestra instituci\u00f3n. Juntos, podemos lograr grandes cosas y marcar una diferencia positiva en la vida de nuestros estudiantes y en la comunidad en general.<\/span><\/p>\n<p style=\"margin: 7.5pt 0cm 11.25pt 0cm;\"><span lang=\"ES-PE\">\u00a1Que este nuevo a\u00f1o acad\u00e9mico est\u00e9 lleno de \u00e9xitos, aprendizaje y momentos memorables!<\/span><\/p>\n<p style=\"margin: 7.5pt 0cm 11.25pt 0cm;\"><span lang=\"ES-PE\">Atentamente,<\/span><\/p>\n<p style=\"margin: 7.5pt 0cm 11.25pt 0cm;\"><span lang=\"ES-PE\">La Direcci\u00f3n<\/span><\/p>\n","protected":false},"excerpt":{"rendered":"<p>FORTALECIENDO NUESTRO COMPROMISO CON LA EXCELENCIA EDUCATIVA Estimada comunidad educativa Newtoniana, Es para m\u00ed un honor dirigirme a ustedes en este momento crucial en el que reafirmamos nuestro compromiso con la excelencia educativa en la Educaci\u00f3n Superior Pedag\u00f3gico \u00abIsaac Newton\u00bb de Yunguyo&#8230;<\/p>\n","protected":false},"author":1,"featured_media":0,"parent":0,"menu_order":0,"comment_status":"closed","ping_status":"closed","template":"","meta":{"footnotes":""},"class_list":["post-9600","page","type-page","status-publish","hentry"],"post_mailing_queue_ids":[],"_links":{"self":[{"href":"https:\/\/www.newtonyunguyo.edu.pe\/index.php\/wp-json\/wp\/v2\/pages\/9600","targetHints":{"allow":["GET"]}}],"collection":[{"href":"https:\/\/www.newtonyunguyo.edu.pe\/index.php\/wp-json\/wp\/v2\/pages"}],"about":[{"href":"https:\/\/www.newtonyunguyo.edu.pe\/index.php\/wp-json\/wp\/v2\/types\/page"}],"author":[{"embeddable":true,"href":"https:\/\/www.newtonyunguyo.edu.pe\/index.php\/wp-json\/wp\/v2\/users\/1"}],"replies":[{"embeddable":true,"href":"https:\/\/www.newtonyunguyo.edu.pe\/index.php\/wp-json\/wp\/v2\/comments?post=9600"}],"version-history":[{"count":2,"href":"https:\/\/www.newtonyunguyo.edu.pe\/index.php\/wp-json\/wp\/v2\/pages\/9600\/revisions"}],"predecessor-version":[{"id":9817,"href":"https:\/\/www.newtonyunguyo.edu.pe\/index.php\/wp-json\/wp\/v2\/pages\/9600\/revisions\/9817"}],"wp:attachment":[{"href":"https:\/\/www.newtonyunguyo.edu.pe\/index.php\/wp-json\/wp\/v2\/media?parent=9600"}],"curies":[{"name":"wp","href":"https:\/\/api.w.org\/{rel}","templated":true}]}}