{"id":9595,"date":"2024-04-22T18:53:24","date_gmt":"2024-04-22T23:53:24","guid":{"rendered":"https:\/\/www.newtonyunguyo.edu.pe\/?page_id=9595"},"modified":"2026-01-19T12:17:34","modified_gmt":"2026-01-19T17:17:34","slug":"naturaleza-juridica","status":"publish","type":"page","link":"https:\/\/www.newtonyunguyo.edu.pe\/index.php\/naturaleza-juridica\/","title":{"rendered":"Naturaleza jur\u00eddica"},"content":{"rendered":"<p>Nuestra instituci\u00f3n educativa de nivel superior, de formaci\u00f3n docente tiene una naturaleza jur\u00eddica que la define como una entidad de gesti\u00f3n educativa descentralizada, con personalidad jur\u00eddica de Derecho privado. Conserva su autonom\u00eda acad\u00e9mica, administrativa y econ\u00f3mica dentro del marco legal establecido por la Ley N\u00b0 28044, Ley General de Educaci\u00f3n.<\/p>\n<p>A pesar de su autonom\u00eda, est\u00e1 sujeta al cumplimiento de las normativas del sector, a la supervisi\u00f3n del Ministerio de Educaci\u00f3n (MINEDU) y\/o la Direcci\u00f3n Regional de Educaci\u00f3n de Puno (DREP), as\u00ed como a las sanciones y responsabilidades correspondientes.<\/p>\n<p>La Instituci\u00f3n de\u00a0 Educaci\u00f3n Superior Pedag\u00f3gica Privada \u201cIsaac Newton\u201d de Yunguyo Puno, forma parte de la segunda etapa del sistema educativo nacional y se especializa en la formaci\u00f3n inicial de docentes. Conforme a la Ley N\u00b0 30512, Ley de Institutos y Escuelas de Educaci\u00f3n Superior y de la Carrera P\u00fablica de sus docentes, otorga grados de Bachiller, T\u00edtulo Profesional y T\u00edtulo de Segunda Especialidad.<\/p>\n<p>Su enfoque se centra en la pedagog\u00eda, basada en la investigaci\u00f3n y pr\u00e1ctica pedag\u00f3gica, orientada a la Educaci\u00f3n B\u00e1sica y contribuyendo al desarrollo profesional a trav\u00e9s de la formaci\u00f3n contin\u00faa. Sus programas educativos se adaptan a las pol\u00edticas y necesidades educativas del pa\u00eds, contextualizando y articulando con las tradiciones y h\u00e1bitos de la gran naci\u00f3n aimara, en esta zona de frontera.<\/p>\n","protected":false},"excerpt":{"rendered":"<p>Nuestra instituci\u00f3n educativa de nivel superior, de formaci\u00f3n docente tiene una naturaleza jur\u00eddica que la define como una entidad de gesti\u00f3n educativa descentralizada, con personalidad jur\u00eddica de Derecho privado. Conserva su autonom\u00eda acad\u00e9mica, administrativa y econ\u00f3mica dentro del marco legal establecido por&#8230;<\/p>\n","protected":false},"author":1,"featured_media":0,"parent":0,"menu_order":0,"comment_status":"closed","ping_status":"closed","template":"","meta":{"footnotes":""},"class_list":["post-9595","page","type-page","status-publish","hentry"],"post_mailing_queue_ids":[],"_links":{"self":[{"href":"https:\/\/www.newtonyunguyo.edu.pe\/index.php\/wp-json\/wp\/v2\/pages\/9595","targetHints":{"allow":["GET"]}}],"collection":[{"href":"https:\/\/www.newtonyunguyo.edu.pe\/index.php\/wp-json\/wp\/v2\/pages"}],"about":[{"href":"https:\/\/www.newtonyunguyo.edu.pe\/index.php\/wp-json\/wp\/v2\/types\/page"}],"author":[{"embeddable":true,"href":"https:\/\/www.newtonyunguyo.edu.pe\/index.php\/wp-json\/wp\/v2\/users\/1"}],"replies":[{"embeddable":true,"href":"https:\/\/www.newtonyunguyo.edu.pe\/index.php\/wp-json\/wp\/v2\/comments?post=9595"}],"version-history":[{"count":2,"href":"https:\/\/www.newtonyunguyo.edu.pe\/index.php\/wp-json\/wp\/v2\/pages\/9595\/revisions"}],"predecessor-version":[{"id":9820,"href":"https:\/\/www.newtonyunguyo.edu.pe\/index.php\/wp-json\/wp\/v2\/pages\/9595\/revisions\/9820"}],"wp:attachment":[{"href":"https:\/\/www.newtonyunguyo.edu.pe\/index.php\/wp-json\/wp\/v2\/media?parent=9595"}],"curies":[{"name":"wp","href":"https:\/\/api.w.org\/{rel}","templated":true}]}}