{"id":9587,"date":"2024-04-22T18:35:03","date_gmt":"2024-04-22T23:35:03","guid":{"rendered":"https:\/\/www.newtonyunguyo.edu.pe\/?page_id=9587"},"modified":"2026-01-19T12:08:12","modified_gmt":"2026-01-19T17:08:12","slug":"gestion-institucional","status":"publish","type":"page","link":"https:\/\/www.newtonyunguyo.edu.pe\/index.php\/gestion-institucional\/","title":{"rendered":"GESTION INSTITUCIONAL"},"content":{"rendered":"<p>El ministerio de Educaci\u00f3n, conforme al ordenamiento jur\u00eddico del Estado Peruano, emite normativas t\u00e9cnico y legales, los cuales constituyen documentos reguladores que encargan funciones y responsabilidades a\u00a0 la direcci\u00f3n y administraci\u00f3n de esta casa de estudios superiores \u2013\u00a0\u00abIsaac Newton\u00bb de Yunguyo Puno \u2013 , las cuales regulan en los aspectos de gesti\u00f3n Institucional,\u00a0 acad\u00e9micos, administrativos y econ\u00f3micos como fundamento de la formaci\u00f3n integral de los futuros profesionales en educaci\u00f3n.<\/p>\n<p>&nbsp;<\/p>\n","protected":false},"excerpt":{"rendered":"<p>El ministerio de Educaci\u00f3n, conforme al ordenamiento jur\u00eddico del Estado Peruano, emite normativas t\u00e9cnico y legales, los cuales constituyen documentos reguladores que encargan funciones y responsabilidades a\u00a0 la direcci\u00f3n y administraci\u00f3n de esta casa de estudios superiores \u2013\u00a0\u00abIsaac Newton\u00bb de Yunguyo Puno&#8230;<\/p>\n","protected":false},"author":1,"featured_media":0,"parent":0,"menu_order":0,"comment_status":"closed","ping_status":"closed","template":"","meta":{"footnotes":""},"class_list":["post-9587","page","type-page","status-publish","hentry"],"post_mailing_queue_ids":[],"_links":{"self":[{"href":"https:\/\/www.newtonyunguyo.edu.pe\/index.php\/wp-json\/wp\/v2\/pages\/9587","targetHints":{"allow":["GET"]}}],"collection":[{"href":"https:\/\/www.newtonyunguyo.edu.pe\/index.php\/wp-json\/wp\/v2\/pages"}],"about":[{"href":"https:\/\/www.newtonyunguyo.edu.pe\/index.php\/wp-json\/wp\/v2\/types\/page"}],"author":[{"embeddable":true,"href":"https:\/\/www.newtonyunguyo.edu.pe\/index.php\/wp-json\/wp\/v2\/users\/1"}],"replies":[{"embeddable":true,"href":"https:\/\/www.newtonyunguyo.edu.pe\/index.php\/wp-json\/wp\/v2\/comments?post=9587"}],"version-history":[{"count":2,"href":"https:\/\/www.newtonyunguyo.edu.pe\/index.php\/wp-json\/wp\/v2\/pages\/9587\/revisions"}],"predecessor-version":[{"id":9814,"href":"https:\/\/www.newtonyunguyo.edu.pe\/index.php\/wp-json\/wp\/v2\/pages\/9587\/revisions\/9814"}],"wp:attachment":[{"href":"https:\/\/www.newtonyunguyo.edu.pe\/index.php\/wp-json\/wp\/v2\/media?parent=9587"}],"curies":[{"name":"wp","href":"https:\/\/api.w.org\/{rel}","templated":true}]}}