{"id":9585,"date":"2024-04-22T18:29:53","date_gmt":"2024-04-22T23:29:53","guid":{"rendered":"https:\/\/www.newtonyunguyo.edu.pe\/?page_id=9585"},"modified":"2026-01-19T12:07:04","modified_gmt":"2026-01-19T17:07:04","slug":"proceso-de-matricula","status":"publish","type":"page","link":"https:\/\/www.newtonyunguyo.edu.pe\/index.php\/proceso-de-matricula\/","title":{"rendered":"PROCESO DE MATRICULA"},"content":{"rendered":"<p style=\"background: white; margin: 7.5pt 0cm 11.25pt 0cm;\"><span lang=\"ES-PE\" style=\"font-size: 13.5pt; font-family: 'Arial',sans-serif; color: #807a7a;\">La matr\u00edcula en \u201cIsaac Newton\u201d es un acto formal y opcional en el que el estudiante registra para participar en un Programa de Estudios. Al matricularse, el estudiante obtiene la condici\u00f3n oficial de estudiante, lo cual se confirma a trav\u00e9s de las listas aprobadas por Resoluci\u00f3n Directoral. Este proceso de matr\u00edcula es una responsabilidad del estudiante y sirve como su registro oficial en la instituci\u00f3n.<\/span><\/p>\n<p style=\"background: white; margin: 7.5pt 0cm 11.25pt 0cm;\"><strong><span lang=\"ES-PE\" style=\"font-size: 13.5pt; font-family: 'Arial',sans-serif; color: #807a7a;\">Generalidades<\/span><\/strong><\/p>\n<p style=\"background: white; margin: 7.5pt 0cm 11.25pt 0cm;\"><span lang=\"ES-PE\" style=\"font-size: 13.5pt; font-family: 'Arial',sans-serif; color: #807a7a;\">El estudiante se matricula en al menos diez (10) cr\u00e9ditos por Ciclo; en caso requiera matricularse en un n\u00famero inferior de cr\u00e9ditos.<\/span><\/p>\n<p style=\"background: white; margin: 7.5pt 0cm 11.25pt 0cm;\"><span lang=\"ES-PE\" style=\"font-size: 13.5pt; font-family: 'Arial',sans-serif; color: #807a7a;\">La vacante del ingresante (ciclo I) que no se matricule dentro de los veinte (20) d\u00edas h\u00e1biles siguientes desde iniciado el proceso de matr\u00edcula y no realice la reserva de esta, queda liberada para ser cubierta por otro postulante que haya obtenido nota aprobatoria, en estricto orden de m\u00e9rito y que no haya alcanzado vacante.<\/span><\/p>\n<p style=\"background: white; margin: 7.5pt 0cm 11.25pt 0cm;\"><span lang=\"ES-PE\" style=\"font-size: 13.5pt; font-family: 'Arial',sans-serif; color: #807a7a;\">El estudiante (ciclo II al X) que no se matricule dentro de los veinte (20) d\u00edas h\u00e1biles siguientes de iniciado el proceso de matr\u00edcula y no realice la reserva de esta, pierde su condici\u00f3n de estudiante. De perder la condici\u00f3n de estudiante, para retomar sus estudios debe postular y obtener una vacante, pudiendo solicitar la convalidaci\u00f3n de los estudios realizados.<\/span><\/p>\n<p style=\"background: white; margin: 7.5pt 0cm 11.25pt 0cm;\"><strong><span lang=\"ES-PE\" style=\"font-size: 13.5pt; font-family: 'Arial',sans-serif; color: #807a7a;\">De los\u00a0requisitos<\/span><\/strong><\/p>\n<p style=\"background: white; margin: 7.5pt 0cm 11.25pt 0cm;\"><span lang=\"ES-PE\" style=\"font-size: 13.5pt; font-family: 'Arial',sans-serif; color: #807a7a;\">En el caso de los ingresantes al I ciclo acad\u00e9mico, los requisitos de matr\u00edcula son: expediente presentado en el proceso de admisi\u00f3n (ficha de matr\u00edcula establecida por \u201dIsaac Newton\u201d certificado de estudios que acredite haber concluido la Educaci\u00f3n B\u00e1sica Regular o Alternativa, copia del DNI), derecho de pago..<\/span><\/p>\n<p style=\"background: white; margin: 7.5pt 0cm 11.25pt 0cm;\"><span lang=\"ES-PE\" style=\"font-size: 13.5pt; font-family: 'Arial',sans-serif; color: #807a7a;\">Para los estudiantes del II al VIl Ciclo acad\u00e9mico, es requisito de matr\u00edcula haber aprobado como m\u00ednimo el setenta y cinco por ciento (75 %) de los cr\u00e9ditos del Ciclo inmediato anterior y los cursos prerrequisito.<\/span><\/p>\n<p style=\"background: white; margin: 7.5pt 0cm 11.25pt 0cm;\"><span lang=\"ES-PE\" style=\"font-size: 13.5pt; font-family: 'Arial',sans-serif; color: #807a7a;\">Para los estudiantes del VIII al X Ciclo acad\u00e9mico, es requisito de matr\u00edcula haber aprobado el cien por ciento (100 %) de cr\u00e9ditos del Ciclo inmediato anterior.<\/span><\/p>\n<p style=\"background: white; margin: 7.5pt 0cm 11.25pt 0cm;\"><strong><span lang=\"ES-PE\" style=\"font-size: 13.5pt; font-family: 'Arial',sans-serif; color: #807a7a;\">De la reserva\u00a0de matr\u00edcula<\/span><\/strong><\/p>\n<p style=\"background: white; margin: 7.5pt 0cm 11.25pt 0cm;\"><span lang=\"ES-PE\" style=\"font-size: 13.5pt; font-family: 'Arial',sans-serif; color: #807a7a;\">A solicitud del estudiante, la Instituci\u00f3n puede reservar su matr\u00edcula antes de iniciar el ciclo acad\u00e9mico y antes de finalizado el proceso de matr\u00edcula presentando la solicitud dirigida a la Direcci\u00f3n General.<\/span><\/p>\n<p style=\"background: white; margin: 7.5pt 0cm 11.25pt 0cm;\"><span lang=\"ES-PE\" style=\"font-size: 13.5pt; font-family: 'Arial',sans-serif; color: #807a7a;\">La reserva de matr\u00edcula no puede exceder de cuatro (8) ciclos consecutivos o no consecutivos y se registra en el Sistema de Informaci\u00f3n Acad\u00e9mica (SIA) que administra el MINEDU debiendo alertar sobre el cumplimiento del plazo m\u00e1ximo.<\/span><\/p>\n","protected":false},"excerpt":{"rendered":"<p>La matr\u00edcula en \u201cIsaac Newton\u201d es un acto formal y opcional en el que el estudiante registra para participar en un Programa de Estudios. Al matricularse, el estudiante obtiene la condici\u00f3n oficial de estudiante, lo cual se confirma a trav\u00e9s de las&#8230;<\/p>\n","protected":false},"author":1,"featured_media":0,"parent":0,"menu_order":0,"comment_status":"closed","ping_status":"closed","template":"","meta":{"footnotes":""},"class_list":["post-9585","page","type-page","status-publish","hentry"],"post_mailing_queue_ids":[],"_links":{"self":[{"href":"https:\/\/www.newtonyunguyo.edu.pe\/index.php\/wp-json\/wp\/v2\/pages\/9585","targetHints":{"allow":["GET"]}}],"collection":[{"href":"https:\/\/www.newtonyunguyo.edu.pe\/index.php\/wp-json\/wp\/v2\/pages"}],"about":[{"href":"https:\/\/www.newtonyunguyo.edu.pe\/index.php\/wp-json\/wp\/v2\/types\/page"}],"author":[{"embeddable":true,"href":"https:\/\/www.newtonyunguyo.edu.pe\/index.php\/wp-json\/wp\/v2\/users\/1"}],"replies":[{"embeddable":true,"href":"https:\/\/www.newtonyunguyo.edu.pe\/index.php\/wp-json\/wp\/v2\/comments?post=9585"}],"version-history":[{"count":2,"href":"https:\/\/www.newtonyunguyo.edu.pe\/index.php\/wp-json\/wp\/v2\/pages\/9585\/revisions"}],"predecessor-version":[{"id":9813,"href":"https:\/\/www.newtonyunguyo.edu.pe\/index.php\/wp-json\/wp\/v2\/pages\/9585\/revisions\/9813"}],"wp:attachment":[{"href":"https:\/\/www.newtonyunguyo.edu.pe\/index.php\/wp-json\/wp\/v2\/media?parent=9585"}],"curies":[{"name":"wp","href":"https:\/\/api.w.org\/{rel}","templated":true}]}}