{"id":9584,"date":"2024-04-22T18:42:37","date_gmt":"2024-04-22T23:42:37","guid":{"rendered":"https:\/\/www.newtonyunguyo.edu.pe\/?page_id=9584"},"modified":"2024-04-22T18:42:37","modified_gmt":"2024-04-22T23:42:37","slug":"estructura-organica","status":"publish","type":"page","link":"https:\/\/www.newtonyunguyo.edu.pe\/index.php\/estructura-organica\/","title":{"rendered":"ESTRUCTURA ORGANICA"},"content":{"rendered":"<p><strong>\u00d3RGANO DE DIRECCION GENERAL<\/strong><\/p>\n<p>El cuerpo directivo de la Escuela de Educaci\u00f3n Superior Pedag\u00f3gico \u00abIsaac Newton\u00bb de Yunguyo Puno, est\u00e1 compuesto por la Direcci\u00f3n General, encabezada por una Directora General, quien ostenta la representaci\u00f3n legal y la autoridad m\u00e1xima en la instituci\u00f3n.<\/p>\n<p>Su responsabilidad principal radica en la gesti\u00f3n tanto acad\u00e9mica como administrativa de la Escuela de Educaci\u00f3n Superior Pedag\u00f3gica. Esta funci\u00f3n implica dirigir, supervisar y regular las actividades institucionales, as\u00ed como ejercer las labores de liderazgo pol\u00edtico y administrativo.<\/p>\n<p>La Direcci\u00f3n General cuenta con el respaldo de un Consejo Asesor, encargado de brindar asesoramiento en cuestiones relacionadas con la formaci\u00f3n y la gesti\u00f3n institucional.<\/p>\n<p>Adem\u00e1s, dispone de profesionales altamente capacitados en diversos campos, quienes act\u00faan como docentes y asesores, est\u00e1n contratados bajo los reg\u00edmenes laborales aplicables al personal administrativo y\/o docente.Principio del formulario<\/p>\n<p><strong>ORGANO CONSULTIVO<\/strong><\/p>\n<p><strong>CONSEJO ASESOR<\/strong><\/p>\n<p>El Consejo Asesor cumple la funci\u00f3n de ser un \u00f3rgano consultivo, dedicado a ofrecer asesoramiento y emitir opiniones sobre los temas que sean requeridos por la Direcci\u00f3n General. Su responsabilidad principal es brindar orientaci\u00f3n a la Directora General en cuestiones relacionadas con la formaci\u00f3n y la gesti\u00f3n institucional. La participaci\u00f3n en el Consejo Asesor es voluntaria y no remunerada.<\/p>\n<p>&nbsp;<\/p>\n<p><strong>ORGANO DE CONTROL<\/strong><\/p>\n<p><strong>ORGANO DE CONTROL INSTITUCIONAL <\/strong><\/p>\n<p>El sistema de Control Institucional tiene la responsabilidad de llevar a cabo acciones y actividades de supervisi\u00f3n, en concordancia con la normativa legal y vigente, as\u00ed como otras disposiciones aplicables, el mismo tiene estrecha coordinaci\u00f3n con la promotora,<\/p>\n<p>Su objetivo primordial es fomentar una gesti\u00f3n adecuada y transparente de los recursos y activos de la instituci\u00f3n educativa, garantizando la legalidad y eficacia de sus acciones y operaciones, y asegurando el cumplimiento de sus objetivos y metas.<\/p>\n<p>Este sistema, de control institucional se adhiere a las acciones que desarrolla Minedu, en el marco del proceso de aseguramiento de la prestaci\u00f3n de calidad educativa.<\/p>\n<p><strong>\u00a0<\/strong><strong>ORGANOS DE ASESORIA<\/strong><\/p>\n<p><strong>ORGANOS DE ASESORAMIENTO<\/strong><\/p>\n<p>Los \u00f3rganos de asesoramiento desempe\u00f1an el papel de guiar las actividades de la Escuela de Educaci\u00f3n Superior Pedag\u00f3gica \u201cIsaac Newton\u201d de Yunguyo Puno y de sus diversos componentes, quienes est\u00e1n subordinados a la Direcci\u00f3n General. La instituci\u00f3n cuenta con los siguientes \u00f3rganos de asesoramiento:<\/p>\n<p><u>\u00c1rea de Calidad<\/u>:<\/p>\n<p>El \u00c1rea de Calidad tiene la responsabilidad de garantizar la calidad del servicio acad\u00e9mico y administrativo de la instituci\u00f3n. Este \u00f3rgano de asesoramiento est\u00e1 directamente vinculado con la Direcci\u00f3n General.<\/p>\n<p>Del mismo modo ejecuta labores de Planificaci\u00f3n y Presupuesto; el cual consiste en proporcionar asesoramiento a la Direcci\u00f3n General en temas relacionados con la planificaci\u00f3n, presupuesto, inversi\u00f3n y optimizaci\u00f3n de la gesti\u00f3n institucional.<\/p>\n","protected":false},"excerpt":{"rendered":"<p>\u00d3RGANO DE DIRECCION GENERAL El cuerpo directivo de la Escuela de Educaci\u00f3n Superior Pedag\u00f3gico \u00abIsaac Newton\u00bb de Yunguyo Puno, est\u00e1 compuesto por la Direcci\u00f3n General, encabezada por una Directora General, quien ostenta la representaci\u00f3n legal y la autoridad m\u00e1xima en la instituci\u00f3n&#8230;.<\/p>\n","protected":false},"author":1,"featured_media":0,"parent":0,"menu_order":0,"comment_status":"closed","ping_status":"closed","template":"","meta":{"footnotes":""},"class_list":["post-9584","page","type-page","status-publish","hentry"],"post_mailing_queue_ids":[],"_links":{"self":[{"href":"https:\/\/www.newtonyunguyo.edu.pe\/index.php\/wp-json\/wp\/v2\/pages\/9584","targetHints":{"allow":["GET"]}}],"collection":[{"href":"https:\/\/www.newtonyunguyo.edu.pe\/index.php\/wp-json\/wp\/v2\/pages"}],"about":[{"href":"https:\/\/www.newtonyunguyo.edu.pe\/index.php\/wp-json\/wp\/v2\/types\/page"}],"author":[{"embeddable":true,"href":"https:\/\/www.newtonyunguyo.edu.pe\/index.php\/wp-json\/wp\/v2\/users\/1"}],"replies":[{"embeddable":true,"href":"https:\/\/www.newtonyunguyo.edu.pe\/index.php\/wp-json\/wp\/v2\/comments?post=9584"}],"version-history":[{"count":1,"href":"https:\/\/www.newtonyunguyo.edu.pe\/index.php\/wp-json\/wp\/v2\/pages\/9584\/revisions"}],"predecessor-version":[{"id":9592,"href":"https:\/\/www.newtonyunguyo.edu.pe\/index.php\/wp-json\/wp\/v2\/pages\/9584\/revisions\/9592"}],"wp:attachment":[{"href":"https:\/\/www.newtonyunguyo.edu.pe\/index.php\/wp-json\/wp\/v2\/media?parent=9584"}],"curies":[{"name":"wp","href":"https:\/\/api.w.org\/{rel}","templated":true}]}}