{"id":9572,"date":"2024-04-22T17:57:50","date_gmt":"2024-04-22T22:57:50","guid":{"rendered":"https:\/\/www.newtonyunguyo.edu.pe\/?page_id=9572"},"modified":"2026-01-19T12:10:32","modified_gmt":"2026-01-19T17:10:32","slug":"promocion-educatia-comunal","status":"publish","type":"page","link":"https:\/\/www.newtonyunguyo.edu.pe\/index.php\/promocion-educatia-comunal\/","title":{"rendered":"PROMOCION EDUCATIVA COMUNAL"},"content":{"rendered":"<p style=\"margin: 7.5pt 0cm 11.25pt 0cm;\"><span lang=\"ES-PE\">El programa de promoci\u00f3n educativa comunal de \u201cIsaac Newton\u201d se centra en fomentar la participaci\u00f3n activa de la comunidad en la educaci\u00f3n. Este programa incluye actividades que buscan fortalecer el v\u00ednculo entre la escuela y la comunidad, promoviendo el desarrollo integral de los estudiantes. Adem\u00e1s, se enfoca en la creaci\u00f3n de espacios para el intercambio de conocimientos y experiencias entre la instituci\u00f3n educativa y el entorno local. A trav\u00e9s de este programa, se busca no solo mejorar la calidad educativa, sino tambi\u00e9n contribuir al desarrollo social y cultural de la comunidad en general.<br \/>\nTal es as\u00ed, que desarrollamos PROGRAMA DE VACACIONES UTILES VERANO, en el periodo vacacional, de manera gratuita para toda la comunidad educativa de los \u00e1mbitos de la UGEL Yunguyo y Chucuito-Juli.<\/span><\/p>\n","protected":false},"excerpt":{"rendered":"<p>El programa de promoci\u00f3n educativa comunal de \u201cIsaac Newton\u201d se centra en fomentar la participaci\u00f3n activa de la comunidad en la educaci\u00f3n. Este programa incluye actividades que buscan fortalecer el v\u00ednculo entre la escuela y la comunidad, promoviendo el desarrollo integral de&#8230;<\/p>\n","protected":false},"author":1,"featured_media":0,"parent":0,"menu_order":0,"comment_status":"closed","ping_status":"closed","template":"","meta":{"footnotes":""},"class_list":["post-9572","page","type-page","status-publish","hentry"],"post_mailing_queue_ids":[],"_links":{"self":[{"href":"https:\/\/www.newtonyunguyo.edu.pe\/index.php\/wp-json\/wp\/v2\/pages\/9572","targetHints":{"allow":["GET"]}}],"collection":[{"href":"https:\/\/www.newtonyunguyo.edu.pe\/index.php\/wp-json\/wp\/v2\/pages"}],"about":[{"href":"https:\/\/www.newtonyunguyo.edu.pe\/index.php\/wp-json\/wp\/v2\/types\/page"}],"author":[{"embeddable":true,"href":"https:\/\/www.newtonyunguyo.edu.pe\/index.php\/wp-json\/wp\/v2\/users\/1"}],"replies":[{"embeddable":true,"href":"https:\/\/www.newtonyunguyo.edu.pe\/index.php\/wp-json\/wp\/v2\/comments?post=9572"}],"version-history":[{"count":3,"href":"https:\/\/www.newtonyunguyo.edu.pe\/index.php\/wp-json\/wp\/v2\/pages\/9572\/revisions"}],"predecessor-version":[{"id":9816,"href":"https:\/\/www.newtonyunguyo.edu.pe\/index.php\/wp-json\/wp\/v2\/pages\/9572\/revisions\/9816"}],"wp:attachment":[{"href":"https:\/\/www.newtonyunguyo.edu.pe\/index.php\/wp-json\/wp\/v2\/media?parent=9572"}],"curies":[{"name":"wp","href":"https:\/\/api.w.org\/{rel}","templated":true}]}}