{"id":9567,"date":"2024-04-21T23:06:42","date_gmt":"2024-04-22T04:06:42","guid":{"rendered":"https:\/\/www.newtonyunguyo.edu.pe\/?page_id=9567"},"modified":"2026-01-19T12:09:36","modified_gmt":"2026-01-19T17:09:36","slug":"actividades","status":"publish","type":"page","link":"https:\/\/www.newtonyunguyo.edu.pe\/index.php\/actividades\/","title":{"rendered":"ACTIVIDADES"},"content":{"rendered":"<p style=\"margin: 7.5pt 0cm 11.25pt 0cm;\"><span lang=\"ES-PE\">Impulsar la producci\u00f3n, difusi\u00f3n de las publicaciones en \u201cIsaac Newton\u201d Yunguyo.<\/span><\/p>\n<p style=\"margin: 7.5pt 0cm 11.25pt 0cm;\"><span lang=\"ES-PE\">Es un espacio para la difusi\u00f3n de las diferentes actividades acad\u00e9micas, culturales, art\u00edsticas, celebraciones, deportivas, que se desarrollan en la Escuela y en su centro de aplicaci\u00f3n, el Colegio de convenio.<\/span><\/p>\n","protected":false},"excerpt":{"rendered":"<p>Impulsar la producci\u00f3n, difusi\u00f3n de las publicaciones en \u201cIsaac Newton\u201d Yunguyo. Es un espacio para la difusi\u00f3n de las diferentes actividades acad\u00e9micas, culturales, art\u00edsticas, celebraciones, deportivas, que se desarrollan en la Escuela y en su centro de aplicaci\u00f3n, el Colegio de convenio.<\/p>\n","protected":false},"author":1,"featured_media":0,"parent":0,"menu_order":0,"comment_status":"closed","ping_status":"closed","template":"","meta":{"footnotes":""},"class_list":["post-9567","page","type-page","status-publish","hentry"],"post_mailing_queue_ids":[],"_links":{"self":[{"href":"https:\/\/www.newtonyunguyo.edu.pe\/index.php\/wp-json\/wp\/v2\/pages\/9567","targetHints":{"allow":["GET"]}}],"collection":[{"href":"https:\/\/www.newtonyunguyo.edu.pe\/index.php\/wp-json\/wp\/v2\/pages"}],"about":[{"href":"https:\/\/www.newtonyunguyo.edu.pe\/index.php\/wp-json\/wp\/v2\/types\/page"}],"author":[{"embeddable":true,"href":"https:\/\/www.newtonyunguyo.edu.pe\/index.php\/wp-json\/wp\/v2\/users\/1"}],"replies":[{"embeddable":true,"href":"https:\/\/www.newtonyunguyo.edu.pe\/index.php\/wp-json\/wp\/v2\/comments?post=9567"}],"version-history":[{"count":2,"href":"https:\/\/www.newtonyunguyo.edu.pe\/index.php\/wp-json\/wp\/v2\/pages\/9567\/revisions"}],"predecessor-version":[{"id":9815,"href":"https:\/\/www.newtonyunguyo.edu.pe\/index.php\/wp-json\/wp\/v2\/pages\/9567\/revisions\/9815"}],"wp:attachment":[{"href":"https:\/\/www.newtonyunguyo.edu.pe\/index.php\/wp-json\/wp\/v2\/media?parent=9567"}],"curies":[{"name":"wp","href":"https:\/\/api.w.org\/{rel}","templated":true}]}}