{"id":9565,"date":"2024-04-21T23:02:20","date_gmt":"2024-04-22T04:02:20","guid":{"rendered":"https:\/\/www.newtonyunguyo.edu.pe\/?page_id=9565"},"modified":"2024-04-21T23:02:20","modified_gmt":"2024-04-22T04:02:20","slug":"publicaciones","status":"publish","type":"page","link":"https:\/\/www.newtonyunguyo.edu.pe\/index.php\/publicaciones\/","title":{"rendered":"PUBLICACIONES"},"content":{"rendered":"<p>Se trata de un \u00c1rea de respaldo acad\u00e9mico encargado de coordinar los servicios relacionados con la documentaci\u00f3n e informaci\u00f3n. Adem\u00e1s, tiene la responsabilidad de promover la producci\u00f3n y organizaci\u00f3n de experiencias, as\u00ed como la difusi\u00f3n de materiales audiovisuales y publicaciones institucionales. La comunicaci\u00f3n efectiva tanto dentro de la comunidad educativa es fundamental para el funcionamiento de esta oficina.<\/p>\n","protected":false},"excerpt":{"rendered":"<p>Se trata de un \u00c1rea de respaldo acad\u00e9mico encargado de coordinar los servicios relacionados con la documentaci\u00f3n e informaci\u00f3n. Adem\u00e1s, tiene la responsabilidad de promover la producci\u00f3n y organizaci\u00f3n de experiencias, as\u00ed como la difusi\u00f3n de materiales audiovisuales y publicaciones institucionales. La&#8230;<\/p>\n","protected":false},"author":1,"featured_media":0,"parent":0,"menu_order":0,"comment_status":"closed","ping_status":"closed","template":"","meta":{"footnotes":""},"class_list":["post-9565","page","type-page","status-publish","hentry"],"post_mailing_queue_ids":[],"_links":{"self":[{"href":"https:\/\/www.newtonyunguyo.edu.pe\/index.php\/wp-json\/wp\/v2\/pages\/9565","targetHints":{"allow":["GET"]}}],"collection":[{"href":"https:\/\/www.newtonyunguyo.edu.pe\/index.php\/wp-json\/wp\/v2\/pages"}],"about":[{"href":"https:\/\/www.newtonyunguyo.edu.pe\/index.php\/wp-json\/wp\/v2\/types\/page"}],"author":[{"embeddable":true,"href":"https:\/\/www.newtonyunguyo.edu.pe\/index.php\/wp-json\/wp\/v2\/users\/1"}],"replies":[{"embeddable":true,"href":"https:\/\/www.newtonyunguyo.edu.pe\/index.php\/wp-json\/wp\/v2\/comments?post=9565"}],"version-history":[{"count":1,"href":"https:\/\/www.newtonyunguyo.edu.pe\/index.php\/wp-json\/wp\/v2\/pages\/9565\/revisions"}],"predecessor-version":[{"id":9566,"href":"https:\/\/www.newtonyunguyo.edu.pe\/index.php\/wp-json\/wp\/v2\/pages\/9565\/revisions\/9566"}],"wp:attachment":[{"href":"https:\/\/www.newtonyunguyo.edu.pe\/index.php\/wp-json\/wp\/v2\/media?parent=9565"}],"curies":[{"name":"wp","href":"https:\/\/api.w.org\/{rel}","templated":true}]}}